{"id":39,"date":"2016-05-03T15:56:57","date_gmt":"2016-05-03T13:56:57","guid":{"rendered":"http:\/\/www.stichtingvbw.nl\/de\/?page_id=39"},"modified":"2016-06-29T19:30:29","modified_gmt":"2016-06-29T17:30:29","slug":"mitarbeiter","status":"publish","type":"page","link":"https:\/\/www.stichtingvbw.nl\/de\/mitarbeiter\/","title":{"rendered":"Mitarbeiter"},"content":{"rendered":"<p class=\"bodytext\"><strong>Der Bedarf an ausl\u00e4ndischen Arbeitnehmern in den Niederlanden nimmt noch immer zu, und auch die Zahl der Fragen zu Versicherungen f\u00fcr diese Gruppe von Arbeitsmigranten und hochqualifizierten Fachkr\u00e4ften w\u00e4chst stetig. So gibt es beispielsweise zahlreiche Fragen zu L\u00fccken und \u00dcberschneidungen von Krankenversicherungen sowie zur Handhabung von Kosten.<\/strong><\/p>\n<p class=\"bodytext\">Arbeitsmigranten und hochqualifizierte Fachkr\u00e4fte unterliegen der hiesigen Krankenversicherungspflicht, wenn sie in den Niederlanden eine Erwerbst\u00e4tigkeit aufnehmen und dadurch lohnsteuerpflichtig sind. Dar\u00fcber hinaus ist im Tarifvertrag f\u00fcr Zeitarbeitskr\u00e4fte (sowohl im ABU als auch im NBBU) festgelegt, dass die Zeitarbeitsfirmen allen Arbeitsmigranten eine Krankenversicherung anbieten m\u00fcssen.<\/p>\n<p class=\"bodytext\">Erfahrungen auf dem Markt und Zukunftsvisionen haben dazu gef\u00fchrt, dass die Van der Voort Groep in der Vergangenheit die Initiative ergriffen und die Stichting Verzekering Buitenlandse Werknemers (Stichting\u00a0VBW) ins Leben gerufen hat.<\/p>\n<p class=\"bodytext\">Wir bieten Arbeitsmigranten, hochqualifizierten Fachkr\u00e4ften sowie Zeitarbeitsfirmen und Arbeitnehmern die M\u00f6glichkeit, die Basiskrankenversicherung f\u00fcr Saisonarbeiter und ausl\u00e4ndische Arbeitsmigranten in den Niederlanden auf kollektiver Basis zu \u00fcbernehmen. Gemeinsam mit der Versicherungsgesellschaft Zorg en Zekerheid haben wir ein Versicherungspaket nach Ma\u00df zusammengestellt, das den W\u00fcnschen der Arbeitnehmer und Arbeitgeber optimal entspricht. Dank einer g\u00fcnstigen Versicherungspr\u00e4mie in Kombination mit einem hervorragenden Service sparen alle betroffenen Parteien sowohl Zeit als auch Geld und kommen ausl\u00e4ndische Arbeitnehmer ihrer Verpflichtung nach, eine Basiskrankenversicherung abzuschlie\u00dfen: F\u00fcr Sie immer die beste L\u00f6sung!<\/p>\n<p class=\"bodytext\">Die Stichting\u00a0VBW arbeitet mit der Van der Voort Groep aus Schagen zusammen, die f\u00fcr die Stichting VBW als ausf\u00fchrende Organisation t\u00e4tig ist.\u00a0Die Van der Voort Groep ist bereits seit Beginn der 1990er\u00a0Jahre die Wissensplattform schlechthin, wenn es um Versicherungsl\u00f6sungen f\u00fcr Arbeitsmigranten und hochqualifizierte Fachkr\u00e4fte geht.\u00a0Die Van der Voort Groep hat auch die Vereinbarung mit dem niederl\u00e4ndischen Finanzamt zur Regelung der Krankenversicherungszulage unterzeichnet: Damit Sie als Arbeitsmigrant abgesichert sind.<\/p>\n<p class=\"bodytext\">Der Abschluss einer Krankenversicherung auf kollektiver Basis erfolgt gew\u00f6hnlich \u00fcber den Arbeitgeber. Deshalb verweisen wir Sie diesbez\u00fcglich an Ihren Arbeitgeber, der Sie \u00fcber die f\u00fcr Sie geltende Regelung informieren kann.<\/p>\n<p class=\"bodytext\">Bei R\u00fcckfragen schreiben Sie uns bitte eine E-Mail an <a href=\"mailto:info@stichtingVBW.nl\">info@stichtingvbw.nl<\/a>.<\/p>\n<p class=\"bodytext\">\n","protected":false},"excerpt":{"rendered":"Der Bedarf an ausl\u00e4ndischen Arbeitnehmern in den Niederlanden nimmt noch immer zu, und auch die Zahl der Fragen zu Versicherungen f\u00fcr diese Gruppe von Arbeitsmigranten und hochqualifizierten Fachkr\u00e4ften w\u00e4chst stetig. So gibt es beispielsweise zahlreiche Fragen zu L\u00fccken und \u00dcberschneidungen von Krankenversicherungen sowie zur Handhabung von Kosten. Arbeitsmigranten und hochqualifizierte Fachkr\u00e4fte unterliegen der hiesigen Krankenversicherungspflicht,&#8230; <a class=\"view-article\" href=\"https:\/\/www.stichtingvbw.nl\/de\/mitarbeiter\/\">Artikel ansehen<\/a>","protected":false},"author":1,"featured_media":0,"parent":0,"menu_order":0,"comment_status":"closed","ping_status":"closed","template":"","meta":{"_acf_changed":false,"footnotes":""},"class_list":["post-39","page","type-page","status-publish","hentry"],"acf":[],"yoast_head":"<!-- This site is optimized with the Yoast SEO plugin v25.2 - https:\/\/yoast.com\/wordpress\/plugins\/seo\/ -->\n<title>Mitarbeiter - Stichting VBW<\/title>\n<meta name=\"robots\" content=\"index, follow, max-snippet:-1, max-image-preview:large, max-video-preview:-1\" \/>\n<link rel=\"canonical\" href=\"https:\/\/www.stichtingvbw.nl\/de\/mitarbeiter\/\" \/>\n<meta property=\"og:locale\" content=\"de_DE\" \/>\n<meta property=\"og:type\" content=\"article\" \/>\n<meta property=\"og:title\" content=\"Mitarbeiter - Stichting VBW\" \/>\n<meta property=\"og:description\" content=\"Der Bedarf an ausl\u00e4ndischen Arbeitnehmern in den Niederlanden nimmt noch immer zu, und auch die Zahl der Fragen zu Versicherungen f\u00fcr diese Gruppe von Arbeitsmigranten und hochqualifizierten Fachkr\u00e4ften w\u00e4chst stetig. So gibt es beispielsweise zahlreiche Fragen zu L\u00fccken und \u00dcberschneidungen von Krankenversicherungen sowie zur Handhabung von Kosten. Arbeitsmigranten und hochqualifizierte Fachkr\u00e4fte unterliegen der hiesigen Krankenversicherungspflicht,... Artikel ansehen\" \/>\n<meta property=\"og:url\" content=\"https:\/\/www.stichtingvbw.nl\/de\/mitarbeiter\/\" \/>\n<meta property=\"og:site_name\" content=\"Stichting VBW\" \/>\n<meta property=\"article:modified_time\" content=\"2016-06-29T17:30:29+00:00\" \/>\n<meta name=\"twitter:card\" content=\"summary_large_image\" \/>\n<meta name=\"twitter:label1\" content=\"Gesch\u00e4tzte Lesezeit\" \/>\n\t<meta name=\"twitter:data1\" content=\"2\u00a0Minuten\" \/>\n<script type=\"application\/ld+json\" class=\"yoast-schema-graph\">{\"@context\":\"https:\/\/schema.org\",\"@graph\":[{\"@type\":\"WebPage\",\"@id\":\"https:\/\/www.stichtingvbw.nl\/de\/mitarbeiter\/\",\"url\":\"https:\/\/www.stichtingvbw.nl\/de\/mitarbeiter\/\",\"name\":\"Mitarbeiter - Stichting VBW\",\"isPartOf\":{\"@id\":\"https:\/\/www.stichtingvbw.nl\/#website\"},\"datePublished\":\"2016-05-03T13:56:57+00:00\",\"dateModified\":\"2016-06-29T17:30:29+00:00\",\"breadcrumb\":{\"@id\":\"https:\/\/www.stichtingvbw.nl\/de\/mitarbeiter\/#breadcrumb\"},\"inLanguage\":\"de\",\"potentialAction\":[{\"@type\":\"ReadAction\",\"target\":[\"https:\/\/www.stichtingvbw.nl\/de\/mitarbeiter\/\"]}]},{\"@type\":\"BreadcrumbList\",\"@id\":\"https:\/\/www.stichtingvbw.nl\/de\/mitarbeiter\/#breadcrumb\",\"itemListElement\":[{\"@type\":\"ListItem\",\"position\":1,\"name\":\"Home\",\"item\":\"https:\/\/www.stichtingvbw.nl\/\"},{\"@type\":\"ListItem\",\"position\":2,\"name\":\"Mitarbeiter\"}]},{\"@type\":\"WebSite\",\"@id\":\"https:\/\/www.stichtingvbw.nl\/#website\",\"url\":\"https:\/\/www.stichtingvbw.nl\/\",\"name\":\"Stichting VBW\",\"description\":\"\",\"potentialAction\":[{\"@type\":\"SearchAction\",\"target\":{\"@type\":\"EntryPoint\",\"urlTemplate\":\"https:\/\/www.stichtingvbw.nl\/?s={search_term_string}\"},\"query-input\":{\"@type\":\"PropertyValueSpecification\",\"valueRequired\":true,\"valueName\":\"search_term_string\"}}],\"inLanguage\":\"de\"}]}<\/script>\n<!-- \/ Yoast SEO plugin. -->","yoast_head_json":{"title":"Mitarbeiter - Stichting VBW","robots":{"index":"index","follow":"follow","max-snippet":"max-snippet:-1","max-image-preview":"max-image-preview:large","max-video-preview":"max-video-preview:-1"},"canonical":"https:\/\/www.stichtingvbw.nl\/de\/mitarbeiter\/","og_locale":"de_DE","og_type":"article","og_title":"Mitarbeiter - Stichting VBW","og_description":"Der Bedarf an ausl\u00e4ndischen Arbeitnehmern in den Niederlanden nimmt noch immer zu, und auch die Zahl der Fragen zu Versicherungen f\u00fcr diese Gruppe von Arbeitsmigranten und hochqualifizierten Fachkr\u00e4ften w\u00e4chst stetig. So gibt es beispielsweise zahlreiche Fragen zu L\u00fccken und \u00dcberschneidungen von Krankenversicherungen sowie zur Handhabung von Kosten. Arbeitsmigranten und hochqualifizierte Fachkr\u00e4fte unterliegen der hiesigen Krankenversicherungspflicht,... Artikel ansehen","og_url":"https:\/\/www.stichtingvbw.nl\/de\/mitarbeiter\/","og_site_name":"Stichting VBW","article_modified_time":"2016-06-29T17:30:29+00:00","twitter_card":"summary_large_image","twitter_misc":{"Gesch\u00e4tzte Lesezeit":"2\u00a0Minuten"},"schema":{"@context":"https:\/\/schema.org","@graph":[{"@type":"WebPage","@id":"https:\/\/www.stichtingvbw.nl\/de\/mitarbeiter\/","url":"https:\/\/www.stichtingvbw.nl\/de\/mitarbeiter\/","name":"Mitarbeiter - Stichting VBW","isPartOf":{"@id":"https:\/\/www.stichtingvbw.nl\/#website"},"datePublished":"2016-05-03T13:56:57+00:00","dateModified":"2016-06-29T17:30:29+00:00","breadcrumb":{"@id":"https:\/\/www.stichtingvbw.nl\/de\/mitarbeiter\/#breadcrumb"},"inLanguage":"de","potentialAction":[{"@type":"ReadAction","target":["https:\/\/www.stichtingvbw.nl\/de\/mitarbeiter\/"]}]},{"@type":"BreadcrumbList","@id":"https:\/\/www.stichtingvbw.nl\/de\/mitarbeiter\/#breadcrumb","itemListElement":[{"@type":"ListItem","position":1,"name":"Home","item":"https:\/\/www.stichtingvbw.nl\/"},{"@type":"ListItem","position":2,"name":"Mitarbeiter"}]},{"@type":"WebSite","@id":"https:\/\/www.stichtingvbw.nl\/#website","url":"https:\/\/www.stichtingvbw.nl\/","name":"Stichting VBW","description":"","potentialAction":[{"@type":"SearchAction","target":{"@type":"EntryPoint","urlTemplate":"https:\/\/www.stichtingvbw.nl\/?s={search_term_string}"},"query-input":{"@type":"PropertyValueSpecification","valueRequired":true,"valueName":"search_term_string"}}],"inLanguage":"de"}]}},"_links":{"self":[{"href":"https:\/\/www.stichtingvbw.nl\/de\/wp-json\/wp\/v2\/pages\/39","targetHints":{"allow":["GET"]}}],"collection":[{"href":"https:\/\/www.stichtingvbw.nl\/de\/wp-json\/wp\/v2\/pages"}],"about":[{"href":"https:\/\/www.stichtingvbw.nl\/de\/wp-json\/wp\/v2\/types\/page"}],"author":[{"embeddable":true,"href":"https:\/\/www.stichtingvbw.nl\/de\/wp-json\/wp\/v2\/users\/1"}],"replies":[{"embeddable":true,"href":"https:\/\/www.stichtingvbw.nl\/de\/wp-json\/wp\/v2\/comments?post=39"}],"version-history":[{"count":3,"href":"https:\/\/www.stichtingvbw.nl\/de\/wp-json\/wp\/v2\/pages\/39\/revisions"}],"predecessor-version":[{"id":170,"href":"https:\/\/www.stichtingvbw.nl\/de\/wp-json\/wp\/v2\/pages\/39\/revisions\/170"}],"wp:attachment":[{"href":"https:\/\/www.stichtingvbw.nl\/de\/wp-json\/wp\/v2\/media?parent=39"}],"curies":[{"name":"wp","href":"https:\/\/api.w.org\/{rel}","templated":true}]}}