{"id":41,"date":"2016-05-03T15:57:12","date_gmt":"2016-05-03T13:57:12","guid":{"rendered":"http:\/\/www.stichtingvbw.nl\/pl\/?page_id=41"},"modified":"2016-06-29T19:32:05","modified_gmt":"2016-06-29T17:32:05","slug":"pracownika","status":"publish","type":"page","link":"https:\/\/www.stichtingvbw.nl\/pl\/pracownika\/","title":{"rendered":"Pracownika"},"content":{"rendered":"<p class=\"bodytext\"><strong>Zapotrzebowanie na zagranicznych pracownik\u00f3w w Holandii wci\u0105\u017c ro\u015bnie. Wzrasta r\u00f3wnie\u017c liczba zapyta\u0144 o ubezpieczenia dla tej grupy migrant\u00f3w sezonowych i migrant\u00f3w wykwalifikowanych. Dotycz\u0105 one np. luk w ubezpieczeniach zdrowotnych, ich nak\u0142adania si\u0119 oraz kontrolowania ich koszt\u00f3w.<\/strong><\/p>\n<p>Migranci sezonowi i migranci wykwalifikowani s\u0105 obj\u0119ci obowi\u0105zkiem ubezpieczenia zdrowotnego od chwili rozpocz\u0119cia pracy na terenie Holandii i zostania p\u0142atnikami podatku dochodowego. Ponadto uk\u0142ad zbiorowy pracy CAO dla pracownik\u00f3w tymczasowych (zar\u00f3wno ABU, jak i NBBU) stanowi, \u017ce organizacje pracy tymczasowej s\u0105 zobowi\u0105zane do zapewnienia ubezpieczenia zdrowotnego migrantom sezonowym.<\/p>\n<p class=\"bodytext\">Do\u015bwiadczenie na rynku i wizja przysz\u0142o\u015bci doprowadzi\u0142y do tego, \u017ce w przesz\u0142o\u015bci Van der Voort Groep podj\u0119\u0142o inicjatyw\u0119 utworzenia Stichting Verzekering Buitenlandse Werknemers (Stichting VBW \u2013 Fundacja Ubezpiecze\u0144 Pracownik\u00f3w Zagranicznych).<\/p>\n<p class=\"bodytext\">Migrantom sezonowym, migrantom wykwalifikowanym, agencjom pracy tymczasowej i pracodawcom oferujemy mo\u017cliwo\u015b\u0107 zawarcia \u2013 w imieniu migrant\u00f3w sezonowych i zagranicznych pracownik\u00f3w tymczasowych \u2013 podstawowego ubezpieczenia zdrowotnego w Holandii. S\u0105 to ubezpieczenia grupowe. Wsp\u00f3lnie z towarzystwem Zorg en Zekerheid przygotowali\u015bmy specjalny pakiet idealnie dopasowany do potrzeb pracownika i pracodawcy. Dzi\u0119ki konkurencyjnym sk\u0142adkom i profesjonalnej obs\u0142udze pozwoli on wszystkim zainteresowanym stronom zaoszcz\u0119dzi\u0107 zar\u00f3wno czas, jak i pieni\u0105dze, a\u00a0Pa\u0144stwu, jako migrantom sezonowym, da mo\u017cliwo\u015b\u0107 dope\u0142nienia obowi\u0105zku zawarcia podstawowego ubezpieczenia zdrowotnego: najlepsze mo\u017cliwe rozwi\u0105zanie!<\/p>\n<p class=\"bodytext\">Fundacja VBW wsp\u00f3\u0142pracuje z organizacj\u0105 wykonawcz\u0105 Van de Voort Groep ze Schagen.\u00a0Van der Voort Groep ze Schagen ju\u017c od lat dziewi\u0119\u0107dziesi\u0105tych stanowi platform\u0119 wiedzy w zakresie rozwi\u0105za\u0144 ubezpieczeniowych dla migrant\u00f3w sezonowych i\u00a0migrant\u00f3w wykwalifikowanych.\u00a0Van der Voort Groep zawar\u0142o r\u00f3wnie\u017c z\u00a0holenderskim Urz\u0119dem Skarbowym porozumienie dotycz\u0105ce zasad przyznawania dodatku na opiek\u0119 zdrowotn\u0105: Pa\u0144stwo jako migranci sezonowi nie musz\u0105 si\u0119 ju\u017c tym przejmowa\u0107.<\/p>\n<p class=\"bodytext\">Udzia\u0142 w ubezpieczeniu zbiorowym odbywa si\u0119 zazwyczaj za po\u015brednictwem pracodawcy. Radzimy zatem skontaktowa\u0107 si\u0119 ze swoim pracodawc\u0105 w celu zapoznania si\u0119 z dotycz\u0105cymi Pa\u0144stwa zasadami.<\/p>\n<p class=\"bodytext\">Aby uzyska\u0107 wi\u0119cej informacji, mo\u017cna skontaktowa\u0107 si\u0119 z <a href=\"mailto:info@stichtingvbw.nl\">info@stichtingvbw.nl<\/a>.<\/p>\n<p class=\"bodytext\">\n","protected":false},"excerpt":{"rendered":"Zapotrzebowanie na zagranicznych pracownik\u00f3w w Holandii wci\u0105\u017c ro\u015bnie. Wzrasta r\u00f3wnie\u017c liczba zapyta\u0144 o ubezpieczenia dla tej grupy migrant\u00f3w sezonowych i migrant\u00f3w wykwalifikowanych. Dotycz\u0105 one np. luk w ubezpieczeniach zdrowotnych, ich nak\u0142adania si\u0119 oraz kontrolowania ich koszt\u00f3w. Migranci sezonowi i migranci wykwalifikowani s\u0105 obj\u0119ci obowi\u0105zkiem ubezpieczenia zdrowotnego od chwili rozpocz\u0119cia pracy na terenie Holandii i zostania&#8230; <a class=\"view-article\" href=\"https:\/\/www.stichtingvbw.nl\/pl\/pracownika\/\">View Article<\/a>","protected":false},"author":1,"featured_media":0,"parent":0,"menu_order":0,"comment_status":"closed","ping_status":"closed","template":"","meta":{"_acf_changed":false,"footnotes":""},"class_list":["post-41","page","type-page","status-publish","hentry"],"acf":[],"yoast_head":"<!-- This site is optimized with the Yoast SEO plugin v25.2 - https:\/\/yoast.com\/wordpress\/plugins\/seo\/ -->\n<title>Pracownika - Stichting VBW<\/title>\n<meta name=\"robots\" content=\"index, follow, max-snippet:-1, max-image-preview:large, max-video-preview:-1\" \/>\n<link rel=\"canonical\" href=\"https:\/\/www.stichtingvbw.nl\/pl\/pracownika\/\" \/>\n<meta property=\"og:locale\" content=\"pl_PL\" \/>\n<meta property=\"og:type\" content=\"article\" \/>\n<meta property=\"og:title\" content=\"Pracownika - Stichting VBW\" \/>\n<meta property=\"og:description\" content=\"Zapotrzebowanie na zagranicznych pracownik\u00f3w w Holandii wci\u0105\u017c ro\u015bnie. Wzrasta r\u00f3wnie\u017c liczba zapyta\u0144 o ubezpieczenia dla tej grupy migrant\u00f3w sezonowych i migrant\u00f3w wykwalifikowanych. Dotycz\u0105 one np. luk w ubezpieczeniach zdrowotnych, ich nak\u0142adania si\u0119 oraz kontrolowania ich koszt\u00f3w. Migranci sezonowi i migranci wykwalifikowani s\u0105 obj\u0119ci obowi\u0105zkiem ubezpieczenia zdrowotnego od chwili rozpocz\u0119cia pracy na terenie Holandii i zostania... View Article\" \/>\n<meta property=\"og:url\" content=\"https:\/\/www.stichtingvbw.nl\/pl\/pracownika\/\" \/>\n<meta property=\"og:site_name\" content=\"Stichting VBW\" \/>\n<meta property=\"article:modified_time\" content=\"2016-06-29T17:32:05+00:00\" \/>\n<meta name=\"twitter:card\" content=\"summary_large_image\" \/>\n<meta name=\"twitter:label1\" content=\"Szacowany czas czytania\" \/>\n\t<meta name=\"twitter:data1\" content=\"2 minuty\" \/>\n<script type=\"application\/ld+json\" class=\"yoast-schema-graph\">{\"@context\":\"https:\/\/schema.org\",\"@graph\":[{\"@type\":\"WebPage\",\"@id\":\"https:\/\/www.stichtingvbw.nl\/pl\/pracownika\/\",\"url\":\"https:\/\/www.stichtingvbw.nl\/pl\/pracownika\/\",\"name\":\"Pracownika - Stichting VBW\",\"isPartOf\":{\"@id\":\"https:\/\/www.stichtingvbw.nl\/#website\"},\"datePublished\":\"2016-05-03T13:57:12+00:00\",\"dateModified\":\"2016-06-29T17:32:05+00:00\",\"breadcrumb\":{\"@id\":\"https:\/\/www.stichtingvbw.nl\/pl\/pracownika\/#breadcrumb\"},\"inLanguage\":\"pl-PL\",\"potentialAction\":[{\"@type\":\"ReadAction\",\"target\":[\"https:\/\/www.stichtingvbw.nl\/pl\/pracownika\/\"]}]},{\"@type\":\"BreadcrumbList\",\"@id\":\"https:\/\/www.stichtingvbw.nl\/pl\/pracownika\/#breadcrumb\",\"itemListElement\":[{\"@type\":\"ListItem\",\"position\":1,\"name\":\"Home\",\"item\":\"https:\/\/www.stichtingvbw.nl\/\"},{\"@type\":\"ListItem\",\"position\":2,\"name\":\"Pracownika\"}]},{\"@type\":\"WebSite\",\"@id\":\"https:\/\/www.stichtingvbw.nl\/#website\",\"url\":\"https:\/\/www.stichtingvbw.nl\/\",\"name\":\"Stichting VBW\",\"description\":\"\",\"potentialAction\":[{\"@type\":\"SearchAction\",\"target\":{\"@type\":\"EntryPoint\",\"urlTemplate\":\"https:\/\/www.stichtingvbw.nl\/?s={search_term_string}\"},\"query-input\":{\"@type\":\"PropertyValueSpecification\",\"valueRequired\":true,\"valueName\":\"search_term_string\"}}],\"inLanguage\":\"pl-PL\"}]}<\/script>\n<!-- \/ Yoast SEO plugin. -->","yoast_head_json":{"title":"Pracownika - Stichting VBW","robots":{"index":"index","follow":"follow","max-snippet":"max-snippet:-1","max-image-preview":"max-image-preview:large","max-video-preview":"max-video-preview:-1"},"canonical":"https:\/\/www.stichtingvbw.nl\/pl\/pracownika\/","og_locale":"pl_PL","og_type":"article","og_title":"Pracownika - Stichting VBW","og_description":"Zapotrzebowanie na zagranicznych pracownik\u00f3w w Holandii wci\u0105\u017c ro\u015bnie. Wzrasta r\u00f3wnie\u017c liczba zapyta\u0144 o ubezpieczenia dla tej grupy migrant\u00f3w sezonowych i migrant\u00f3w wykwalifikowanych. Dotycz\u0105 one np. luk w ubezpieczeniach zdrowotnych, ich nak\u0142adania si\u0119 oraz kontrolowania ich koszt\u00f3w. Migranci sezonowi i migranci wykwalifikowani s\u0105 obj\u0119ci obowi\u0105zkiem ubezpieczenia zdrowotnego od chwili rozpocz\u0119cia pracy na terenie Holandii i zostania... View Article","og_url":"https:\/\/www.stichtingvbw.nl\/pl\/pracownika\/","og_site_name":"Stichting VBW","article_modified_time":"2016-06-29T17:32:05+00:00","twitter_card":"summary_large_image","twitter_misc":{"Szacowany czas czytania":"2 minuty"},"schema":{"@context":"https:\/\/schema.org","@graph":[{"@type":"WebPage","@id":"https:\/\/www.stichtingvbw.nl\/pl\/pracownika\/","url":"https:\/\/www.stichtingvbw.nl\/pl\/pracownika\/","name":"Pracownika - Stichting VBW","isPartOf":{"@id":"https:\/\/www.stichtingvbw.nl\/#website"},"datePublished":"2016-05-03T13:57:12+00:00","dateModified":"2016-06-29T17:32:05+00:00","breadcrumb":{"@id":"https:\/\/www.stichtingvbw.nl\/pl\/pracownika\/#breadcrumb"},"inLanguage":"pl-PL","potentialAction":[{"@type":"ReadAction","target":["https:\/\/www.stichtingvbw.nl\/pl\/pracownika\/"]}]},{"@type":"BreadcrumbList","@id":"https:\/\/www.stichtingvbw.nl\/pl\/pracownika\/#breadcrumb","itemListElement":[{"@type":"ListItem","position":1,"name":"Home","item":"https:\/\/www.stichtingvbw.nl\/"},{"@type":"ListItem","position":2,"name":"Pracownika"}]},{"@type":"WebSite","@id":"https:\/\/www.stichtingvbw.nl\/#website","url":"https:\/\/www.stichtingvbw.nl\/","name":"Stichting VBW","description":"","potentialAction":[{"@type":"SearchAction","target":{"@type":"EntryPoint","urlTemplate":"https:\/\/www.stichtingvbw.nl\/?s={search_term_string}"},"query-input":{"@type":"PropertyValueSpecification","valueRequired":true,"valueName":"search_term_string"}}],"inLanguage":"pl-PL"}]}},"_links":{"self":[{"href":"https:\/\/www.stichtingvbw.nl\/pl\/wp-json\/wp\/v2\/pages\/41","targetHints":{"allow":["GET"]}}],"collection":[{"href":"https:\/\/www.stichtingvbw.nl\/pl\/wp-json\/wp\/v2\/pages"}],"about":[{"href":"https:\/\/www.stichtingvbw.nl\/pl\/wp-json\/wp\/v2\/types\/page"}],"author":[{"embeddable":true,"href":"https:\/\/www.stichtingvbw.nl\/pl\/wp-json\/wp\/v2\/users\/1"}],"replies":[{"embeddable":true,"href":"https:\/\/www.stichtingvbw.nl\/pl\/wp-json\/wp\/v2\/comments?post=41"}],"version-history":[{"count":3,"href":"https:\/\/www.stichtingvbw.nl\/pl\/wp-json\/wp\/v2\/pages\/41\/revisions"}],"predecessor-version":[{"id":172,"href":"https:\/\/www.stichtingvbw.nl\/pl\/wp-json\/wp\/v2\/pages\/41\/revisions\/172"}],"wp:attachment":[{"href":"https:\/\/www.stichtingvbw.nl\/pl\/wp-json\/wp\/v2\/media?parent=41"}],"curies":[{"name":"wp","href":"https:\/\/api.w.org\/{rel}","templated":true}]}}